{"id":690,"date":"2026-02-27T17:29:56","date_gmt":"2026-02-27T17:29:56","guid":{"rendered":"https:\/\/www.clcouverture.fr\/?page_id=690"},"modified":"2026-02-27T17:31:29","modified_gmt":"2026-02-27T17:31:29","slug":"travaux-de-charpente","status":"publish","type":"page","link":"https:\/\/www.clcouverture.fr\/index.php\/travaux-de-charpente\/","title":{"rendered":"Travaux de charpente"},"content":{"rendered":"\t\t<div data-elementor-type=\"wp-page\" data-elementor-id=\"690\" class=\"elementor elementor-690\">\n\t\t\t\t<div class=\"elementor-element elementor-element-2f5c2e0 e-flex e-con-boxed e-con e-parent\" data-id=\"2f5c2e0\" data-element_type=\"container\" data-e-type=\"container\">\n\t\t\t\t\t<div class=\"e-con-inner\">\n\t\t\t\t<div class=\"elementor-element elementor-element-979daf8 elementor-widget elementor-widget-text-editor\" data-id=\"979daf8\" data-element_type=\"widget\" data-e-type=\"widget\" data-widget_type=\"text-editor.default\">\n\t\t\t\t\t\t\t\t\t<style>\n.service-detail {\n    max-width: 1100px;\n    margin: 60px auto;\n    padding: 20px;\n    font-family: 'Segoe UI', Arial, sans-serif;\n    color: #222;\n}\n\n.service-detail h1 {\n    font-size: 36px;\n    margin-bottom: 20px;\n    text-align: center;\n}\n\n.service-detail h2 {\n    font-size: 28px;\n    margin-top: 40px;\n    margin-bottom: 20px;\n    border-left: 5px solid #c8a96a;\n    padding-left: 15px;\n}\n\n.service-detail p {\n    font-size: 20px;\n    line-height: 1.8;\n    margin-bottom: 20px;\n}\n\n.service-detail ul {\n    margin-bottom: 25px;\n    padding-left: 20px;\n}\n\n.service-detail li {\n    margin-bottom: 12px;\n}\n\n.contact-highlight {\n    color: #c8a96a;\n    font-weight: bold;\n}\n<\/style>\n\n<div class=\"service-detail\">\n\n<h1>Travaux de Charpente \u00e0 Istres \u2013 ENTREPRISE CLEMENT<\/h1>\n\n<p>Depuis 2017, <strong>ENTREPRISE CLEMENT<\/strong> est votre sp\u00e9cialiste en <strong>travaux de charpente \u00e0 Istres<\/strong> et dans toute la r\u00e9gion PACA. Nous intervenons pour la <strong>construction, r\u00e9novation et renforcement de charpentes<\/strong> sur tous types de b\u00e2timents. Pour toute demande de devis ou renseignement, contactez-nous au <span class=\"contact-highlight\">06 19 39 58 18<\/span>, <span class=\"contact-highlight\">06 58 31 25 03<\/span>, <span class=\"contact-highlight\">07 89 80 00 76<\/span> ou par email : <span class=\"contact-highlight\">contact@clcouverture.fr<\/span>.<\/p>\n\n<h2>Construction de Charpentes Neuves<\/h2>\n<p>Nous r\u00e9alisons la <strong>construction de charpentes traditionnelles en bois massif<\/strong> ainsi que les charpentes industrielles pour les maisons neuves ou extensions. Nos prestations comprennent :<\/p>\n<ul>\n    <li>Conception et calcul de la structure pour garantir stabilit\u00e9 et s\u00e9curit\u00e9.<\/li>\n    <li>Pose de charpente sur mesure, adapt\u00e9e aux dimensions et style du b\u00e2timent.<\/li>\n    <li>Utilisation de bois certifi\u00e9s et trait\u00e9s pour r\u00e9sister aux intemp\u00e9ries et aux insectes xylophages.<\/li>\n<\/ul>\n\n<p>Pour un projet de construction, contactez nos experts au <span class=\"contact-highlight\">06 19 39 58 18<\/span> ou <span class=\"contact-highlight\">06 58 31 25 03<\/span>, ou envoyez un email : <span class=\"contact-highlight\">contact@clcouverture.fr<\/span>.<\/p>\n\n<h2>R\u00e9novation et Renforcement de Charpentes<\/h2>\n<p>Nous intervenons pour la <strong>r\u00e9novation de charpentes anciennes<\/strong>, la r\u00e9paration des \u00e9l\u00e9ments endommag\u00e9s et le renforcement de structures affaiblies. Nos services incluent :<\/p>\n<ul>\n    <li>R\u00e9paration ou remplacement des poutres et fermes endommag\u00e9es.<\/li>\n    <li>Traitement pr\u00e9ventif et curatif contre les termites et autres insectes du bois.<\/li>\n    <li>Renforcement de charpentes pour supporter de nouvelles charges (toiture, mezzanine, panneaux solaires).<\/li>\n    <li>Contr\u00f4le complet de l\u2019ensemble de la structure pour garantir s\u00e9curit\u00e9 et durabilit\u00e9.<\/li>\n<\/ul>\n\n<p>Pour une intervention rapide \u00e0 Istres ou dans les environs, contactez-nous au <span class=\"contact-highlight\">07 89 80 00 76<\/span> ou par email : <span class=\"contact-highlight\">contact@clcouverture.fr<\/span>.<\/p>\n\n<h2>Entretien et S\u00e9curit\u00e9 des Charpentes<\/h2>\n<p>Un entretien r\u00e9gulier permet de pr\u00e9venir les dommages et de prolonger la vie de votre charpente. Nous proposons :<\/p>\n<ul>\n    <li>Inspection compl\u00e8te et diagnostic de votre charpente.<\/li>\n    <li>Traitement contre humidit\u00e9 et champignons.<\/li>\n    <li>Maintenance pr\u00e9ventive pour assurer la solidit\u00e9 et la s\u00e9curit\u00e9 du toit.<\/li>\n<\/ul>\n\n<p>Contactez-nous au <span class=\"contact-highlight\">06 19 39 58 18<\/span>, <span class=\"contact-highlight\">06 58 31 25 03<\/span>, ou <span class=\"contact-highlight\">07 89 80 00 76<\/span> pour planifier un entretien ou une expertise, ou \u00e9crivez \u00e0 <span class=\"contact-highlight\">contact@clcouverture.fr<\/span>.<\/p>\n\n<h2>Pourquoi Choisir ENTREPRISE CLEMENT ?<\/h2>\n<ul>\n    <li>Expertise locale \u00e0 Istres et interventions dans toute la r\u00e9gion PACA.<\/li>\n    <li>Charpentiers qualifi\u00e9s pour tous types de charpentes, neuves ou anciennes.<\/li>\n    <li>Respect des normes DTU et s\u00e9curit\u00e9 chantier.<\/li>\n    <li>Mat\u00e9riaux de qualit\u00e9 et traitement professionnel du bois.<\/li>\n    <li>Devis gratuit et suivi personnalis\u00e9. Contactez-nous au <span class=\"contact-highlight\">06 19 39 58 18<\/span> ou <span class=\"contact-highlight\">07 89 80 00 76<\/span>.<\/li>\n<\/ul>\n\n<p>Pour vos <strong>travaux de charpente \u00e0 Istres<\/strong>, faites confiance \u00e0 <strong>ENTREPRISE CLEMENT<\/strong>. Appelez d\u00e8s maintenant <span class=\"contact-highlight\">06 19 39 58 18<\/span>, <span class=\"contact-highlight\">06 58 31 25 03<\/span>, <span class=\"contact-highlight\">07 89 80 00 76<\/span> ou contactez-nous par email : <span class=\"contact-highlight\">contact@clcouverture.fr<\/span>.<\/p>\n\n<\/div>\t\t\t\t\t\t\t\t<\/div>\n\t\t\t\t\t<\/div>\n\t\t\t\t<\/div>\n\t\t\t\t<\/div>\n\t\t\n    <div class=\"xs_social_share_widget xs_share_url after_content \t\tmain_content  wslu-style-1 wslu-share-box-shaped wslu-fill-colored wslu-none wslu-share-horizontal wslu-theme-font-no wslu-main_content\">\n\n\t\t\n        <ul>\n\t\t\t        <\/ul>\n    <\/div> \n","protected":false},"excerpt":{"rendered":"<p>Travaux de Charpente \u00e0 Istres \u2013 ENTREPRISE CLEMENT Depuis 2017, ENTREPRISE CLEMENT est votre sp\u00e9cialiste en travaux de charpente \u00e0 Istres et dans toute la r\u00e9gion PACA. Nous intervenons pour la construction, r\u00e9novation et renforcement de charpentes sur tous types de b\u00e2timents. Pour toute demande de devis ou renseignement, contactez-nous au 06 19 39 58 [&hellip;]<\/p>\n","protected":false},"author":1,"featured_media":0,"parent":0,"menu_order":0,"comment_status":"closed","ping_status":"closed","template":"","meta":{"_monsterinsights_skip_tracking":false,"_monsterinsights_sitenote_active":false,"_monsterinsights_sitenote_note":"","_monsterinsights_sitenote_category":0,"postBodyCss":"","postBodyMargin":[],"postBodyPadding":[],"postBodyBackground":{"backgroundType":"classic","gradient":""},"footnotes":""},"class_list":["post-690","page","type-page","status-publish","hentry"],"aioseo_notices":[],"_links":{"self":[{"href":"https:\/\/www.clcouverture.fr\/index.php\/wp-json\/wp\/v2\/pages\/690","targetHints":{"allow":["GET"]}}],"collection":[{"href":"https:\/\/www.clcouverture.fr\/index.php\/wp-json\/wp\/v2\/pages"}],"about":[{"href":"https:\/\/www.clcouverture.fr\/index.php\/wp-json\/wp\/v2\/types\/page"}],"author":[{"embeddable":true,"href":"https:\/\/www.clcouverture.fr\/index.php\/wp-json\/wp\/v2\/users\/1"}],"replies":[{"embeddable":true,"href":"https:\/\/www.clcouverture.fr\/index.php\/wp-json\/wp\/v2\/comments?post=690"}],"version-history":[{"count":5,"href":"https:\/\/www.clcouverture.fr\/index.php\/wp-json\/wp\/v2\/pages\/690\/revisions"}],"predecessor-version":[{"id":754,"href":"https:\/\/www.clcouverture.fr\/index.php\/wp-json\/wp\/v2\/pages\/690\/revisions\/754"}],"wp:attachment":[{"href":"https:\/\/www.clcouverture.fr\/index.php\/wp-json\/wp\/v2\/media?parent=690"}],"curies":[{"name":"wp","href":"https:\/\/api.w.org\/{rel}","templated":true}]}}